{"id":839,"date":"2018-10-16T11:29:29","date_gmt":"2018-10-16T11:29:29","guid":{"rendered":"http:\/\/genesisexpo.webgeniuslab.net\/?page_id=839"},"modified":"2025-10-23T10:50:52","modified_gmt":"2025-10-23T10:50:52","slug":"home-2","status":"publish","type":"page","link":"https:\/\/bmci-businesschallenge.mr\/","title":{"rendered":"Accueil"},"content":{"rendered":"[vc_row full_width=&#8221;stretch_row&#8221; css=&#8221;.vc_custom_1614582824970{margin-top: -40px !important;}&#8221; el_class=&#8221;ovisible z-index-1&#8243;][vc_column css=&#8221;.vc_custom_1539692393064{margin-bottom: -200px !important;padding-top: 0px !important;}&#8221;][rev_slider_vc alias=&#8221;home-2&#8243;][wgl_spacing spacer_size=&#8221;250px&#8221; responsive_desktop=&#8221;true&#8221; size_desktops=&#8221;150&#8243; responsive_tablet=&#8221;true&#8221; size_tablet=&#8221;150&#8243; responsive_mobile=&#8221;true&#8221; size_mobile=&#8221;80&#8243;][\/vc_column][\/vc_row][vc_row full_width=&#8221;stretch_row_content&#8221; css=&#8221;.vc_custom_1614586551492{padding-top: 65px !important;padding-right: 60px !important;padding-left: 60px !important;}&#8221; el_class=&#8221;padding-reset&#8221;][vc_column offset=&#8221;vc_col-lg-5 vc_hidden-md vc_hidden-sm vc_hidden-xs&#8221; css=&#8221;.vc_custom_1615653955859{padding-top: 0px !important;padding-right: 0px !important;padding-left: 0px !important;border-radius: 10px !important;}&#8221;][vc_column_text]<img loading=\"lazy\" decoding=\"async\" class=\"size-full wp-image-883 image-resp alignright\" style=\"box-shadow: 0 26px 38px 0 rgba(0,0,0,0.2); border-radius: 10px; max-width: 82%; z-index: 2; position: relative; margin-top: -60px; margin-right: -86px;\" src=\"https:\/\/bmci-businesschallenge.mr\/wp-content\/uploads\/2021\/03\/chameau.png\" alt=\"\" width=\"890\" height=\"630\" \/>[\/vc_column_text][wgl_spacing spacer_size=&#8221;0&#8243; screen_desktops=&#8221;1200&#8243; responsive_desktop=&#8221;true&#8221; size_desktops=&#8221;50&#8243;][\/vc_column][vc_column offset=&#8221;vc_col-lg-7 vc_hidden-md vc_hidden-sm vc_hidden-xs&#8221; css=&#8221;.vc_custom_1615713302840{background-color: #f3f3f3 !important;border-radius: 10px !important;}&#8221;][wgl_spacing spacer_size=&#8221;35px&#8221;][vc_row_inner][vc_column_inner offset=&#8221;vc_col-lg-offset-3 vc_col-lg-6&#8243;][wgl_double_headings align=&#8221;center&#8221; title_color=&#8221;#232323&#8243; subtitle_color=&#8221;#0f9648&#8243; bgtitle_size=&#8221;20px&#8221; bgtitle_color=&#8221;rgba(0,0,0,0.7)&#8221; bgtitle=&#8221;BMCI Business Challenge 2025&#8243; custom_bgtitle_color=&#8221;true&#8221; responsive_font=&#8221;true&#8221; font_size_mobile=&#8221;34&#8243;][wgl_spacing spacer_size=&#8221;18&#8243;][vc_column_text]\n<p align=\"justify\">BMCI Business Challenge est une comp\u00e9tition d\u00e9di\u00e9e \u00e0 l\u2019entrepreneuriat visant \u00e0 soutenir les jeunes entrepreneurs innovants dans le d\u00e9veloppement de leurs start-up en Mauritanie.<br \/>Pour \u00eatre eligible il faut :<\/p>\n<table cellspacing=\"0\" class=\"Table\" style=\"border-collapse:collapse; width:601px\">\n<thead>\n<tr>\n<td style=\"border-bottom:1px solid black; border-left:1px solid black; border-right:none; border-top:1px solid black; width:184px\"><span style=\"font-size:11pt\"><span style=\"font-family:Calibri,sans-serif\"><strong><span style=\"font-size:12.0pt\"><span style=\"font-family:&quot;Gill Sans MT&quot;,sans-serif\">Domaine<\/span><\/span><\/strong><\/span><\/span><\/td>\n<td style=\"border-bottom:1px solid black; border-left:1px solid black; border-right:1px solid black; border-top:1px solid black; width:417px\"><span style=\"font-size:11pt\"><span style=\"font-family:Calibri,sans-serif\"><strong><span style=\"font-size:12.0pt\"><span style=\"font-family:&quot;Gill Sans MT&quot;,sans-serif\">Exigences cl\u00e9s<\/span><\/span><\/strong><\/span><\/span><\/td>\n<\/tr>\n<\/thead>\n<tbody>\n<tr>\n<td style=\"border-bottom:1px solid black; border-left:1px solid black; border-right:none; border-top:none; width:184px\"><span style=\"font-size:11pt\"><span style=\"font-family:Calibri,sans-serif\"><strong><span style=\"font-size:12.0pt\"><span style=\"font-family:&quot;Gill Sans MT&quot;,sans-serif\">Stade de d\u00e9veloppement<\/span><\/span><\/strong><\/span><\/span><\/td>\n<td style=\"border-bottom:1px solid black; border-left:1px solid black; border-right:1px solid black; border-top:none; width:417px\"><span style=\"font-size:11pt\"><span style=\"font-family:Calibri,sans-serif\"><span style=\"font-size:12.0pt\"><span style=\"font-family:&quot;Gill Sans MT&quot;,sans-serif\">Prototype fonctionnel.<\/span><\/span><\/span><\/span><\/td>\n<\/tr>\n<tr>\n<td style=\"border-bottom:none; border-left:1px solid black; border-right:none; border-top:none; width:184px\"><span style=\"font-size:11pt\"><span style=\"font-family:Calibri,sans-serif\"><strong><span style=\"font-size:12.0pt\"><span style=\"font-family:&quot;Gill Sans MT&quot;,sans-serif\">Innovation &amp; originalit\u00e9<\/span><\/span><\/strong><\/span><\/span><\/td>\n<td style=\"border-bottom:none; border-left:1px solid black; border-right:1px solid black; border-top:none; width:417px\"><span style=\"font-size:11pt\"><span style=\"font-family:Calibri,sans-serif\"><span style=\"font-size:12.0pt\"><span style=\"font-family:&quot;Gill Sans MT&quot;,sans-serif\">Solution novatrice, utilisation de technologies ou proc\u00e9d\u00e9s innovants.<\/span><\/span><\/span><\/span><\/td>\n<\/tr>\n<tr>\n<td style=\"border-bottom:1px solid black; border-left:1px solid black; border-right:none; border-top:1px solid black; width:184px\"><span style=\"font-size:11pt\"><span style=\"font-family:Calibri,sans-serif\"><strong><span style=\"font-size:12.0pt\"><span style=\"font-family:&quot;Gill Sans MT&quot;,sans-serif\">Viabilit\u00e9 du projet<\/span><\/span><\/strong><\/span><\/span><\/td>\n<td style=\"border-bottom:1px solid black; border-left:1px solid black; border-right:1px solid black; border-top:1px solid black; width:417px\"><span style=\"font-size:11pt\"><span style=\"font-family:Calibri,sans-serif\"><span style=\"font-size:12.0pt\"><span style=\"font-family:&quot;Gill Sans MT&quot;,sans-serif\">Business plan solide, projections financi\u00e8res et strat\u00e9gie claire.<\/span><\/span><\/span><\/span><\/td>\n<\/tr>\n<tr>\n<td style=\"border-bottom:none; border-left:1px solid black; border-right:none; border-top:none; width:184px\"><span style=\"font-size:11pt\"><span style=\"font-family:Calibri,sans-serif\"><strong><span style=\"font-size:12.0pt\"><span style=\"font-family:&quot;Gill Sans MT&quot;,sans-serif\">Impact &amp; valeur ajout\u00e9e<\/span><\/span><\/strong><\/span><\/span><\/td>\n<td style=\"border-bottom:none; border-left:1px solid black; border-right:1px solid black; border-top:none; width:417px\"><span style=\"font-size:11pt\"><span style=\"font-family:Calibri,sans-serif\"><span style=\"font-size:12.0pt\"><span style=\"font-family:&quot;Gill Sans MT&quot;,sans-serif\">Impact social\/\u00e9conomique, proposition de valeur diff\u00e9renciante.<\/span><\/span><\/span><\/span><\/td>\n<\/tr>\n<tr>\n<td style=\"border-bottom:1px solid black; border-left:1px solid black; border-right:none; border-top:1px solid black; width:184px\"><span style=\"font-size:11pt\"><span style=\"font-family:Calibri,sans-serif\"><strong><span style=\"font-size:12.0pt\"><span style=\"font-family:&quot;Gill Sans MT&quot;,sans-serif\">\u00c9quipe fondatrice<\/span><\/span><\/strong><\/span><\/span><\/td>\n<td style=\"border-bottom:1px solid black; border-left:1px solid black; border-right:1px solid black; border-top:1px solid black; width:417px\"><span style=\"font-size:11pt\"><span style=\"font-family:Calibri,sans-serif\"><span style=\"font-size:12.0pt\"><span style=\"font-family:&quot;Gill Sans MT&quot;,sans-serif\">Comp\u00e9tences techniques, engagement et motivation du groupe.<\/span><\/span><\/span><\/span><\/td>\n<\/tr>\n<\/tbody>\n<\/table>\n[\/vc_column_text][wgl_spacing spacer_size=&#8221;25px&#8221;][\/vc_column_inner][\/vc_row_inner][wgl_spacing spacer_size=&#8221;95px&#8221; responsive_tablet=&#8221;true&#8221; size_tablet=&#8221;0&#8243; responsive_mobile=&#8221;true&#8221; size_mobile=&#8221;0&#8243;][\/vc_column][\/vc_row][vc_row full_width=&#8221;stretch_row_content&#8221; css=&#8221;.vc_custom_1615713422082{padding-top: 65px !important;padding-right: 60px !important;padding-left: 60px !important;}&#8221; el_class=&#8221;padding-reset&#8221;][vc_column offset=&#8221;vc_col-lg-7 vc_hidden-lg&#8221; css=&#8221;.vc_custom_1615713270317{border-radius: 10px !important;}&#8221;][vc_row_inner][vc_column_inner offset=&#8221;vc_col-lg-offset-3 vc_col-lg-6&#8243;][wgl_double_headings align=&#8221;center&#8221; title_color=&#8221;#232323&#8243; subtitle_color=&#8221;#0f9648&#8243; bgtitle_size=&#8221;20px&#8221; bgtitle_color=&#8221;rgba(0,0,0,0.7)&#8221; bgtitle=&#8221;BMCI Business Challenge 2025&#8243; custom_bgtitle_color=&#8221;true&#8221; responsive_font=&#8221;true&#8221; font_size_mobile=&#8221;34&#8243; bg_responsive_font=&#8221;true&#8221; bg_font_size_mobile=&#8221;36&#8243;][wgl_spacing spacer_size=&#8221;18&#8243;][vc_column_text]\n<p align=\"justify\">Suite aux \u00e9ditions pr\u00e9c\u00e9dentes r\u00e9ussie, le BMCI Business Challenge est de retour pour une nouvelle ann\u00e9e remplie de nouveaut\u00e9s et de challenges pour nos entrepreneurs !<br \/>\nLe BMCI Challenge est l\u00e0 pour accompagner les startuppers et porteurs de projets en Mauritanie dans leur passage \u00e0 l\u2019\u00e9chelle par des formations intensives, une cr\u00e9ation de liens durables avec des mentors et experts dans leur secteur ainsi qu\u2019un financement non plafonn\u00e9 de leurs projets.[\/vc_column_text][wgl_spacing spacer_size=&#8221;25px&#8221;][\/vc_column_inner][\/vc_row_inner][\/vc_column][vc_column offset=&#8221;vc_col-lg-5 vc_hidden-lg&#8221; css=&#8221;.vc_custom_1615655773910{padding-top: 0px !important;padding-right: 0px !important;padding-left: 0px !important;border-radius: 10px !important;}&#8221;][vc_column_text]<img loading=\"lazy\" decoding=\"async\" class=\"size-full wp-image-883 image-resp alignright\" style=\"max-width: 82%; z-index: 2; position: relative; margin-top: -80px;\" src=\"https:\/\/bmci-businesschallenge.mr\/wp-content\/uploads\/2021\/03\/chameau.png\" alt=\"\" width=\"890\" height=\"630\" \/>[\/vc_column_text][wgl_spacing spacer_size=&#8221;0&#8243; screen_desktops=&#8221;1200&#8243; responsive_desktop=&#8221;true&#8221; size_desktops=&#8221;50&#8243;][\/vc_column][\/vc_row][vc_row full_width=&#8221;stretch_row_content_no_spaces&#8221;][vc_column width=&#8221;1\/6&#8243; css=&#8221;.vc_custom_1614683566603{padding-right: 30px !important;padding-left: 30px !important;}&#8221; offset=&#8221;vc_hidden-sm vc_hidden-xs&#8221;][\/vc_column][vc_column width=&#8221;2\/3&#8243; el_class=&#8221;videoacceil&#8221; offset=&#8221;vc_hidden-lg vc_hidden-md vc_hidden-sm vc_hidden-xs&#8221;][vc_raw_html]JTVCZXZwX2VtYmVkX3ZpZGVvJTIwdXJsJTNEJTIyaHR0cHMlM0ElMkYlMkZibWNpLWJ1c2luZXNzY2hhbGxlbmdlLm1yJTJGd3AtY29udGVudCUyRnVwbG9hZHMlMkYyMDIxJTJGMDMlMkZWSURFTy0yRC1CTUNJLUJVU0lORVNTLUNIQUxMRU5HLTIwMjEtVkYubTR2JTIyJTIwYXV0b3BsYXklM0QlMjJ0cnVlJTIyJTIwbXV0ZWQlM0QlMjJ0cnVlJTIyJTVE[\/vc_raw_html][\/vc_column][vc_column width=&#8221;1\/6&#8243;][\/vc_column][\/vc_row][vc_row full_width=&#8221;stretch_row&#8221; equal_height=&#8221;yes&#8221; content_placement=&#8221;middle&#8221; disable_element=&#8221;yes&#8221; css=&#8221;.vc_custom_1653640577198{background-color: rgba(15,150,72,0.07) !important;*background-color: rgb(15,150,72) !important;}&#8221;][vc_column offset=&#8221;vc_col-lg-5 vc_col-md-6&#8243; el_class=&#8221;avantages&#8221;][wgl_spacing spacer_size=&#8221;30px&#8221; screen_tablet=&#8221;992&#8243; responsive_tablet=&#8221;true&#8221; size_tablet=&#8221;0&#8243; responsive_mobile=&#8221;true&#8221; size_mobile=&#8221;0&#8243;][wgl_double_headings align=&#8221;center&#8221; title_size=&#8221;38&#8243; title_color=&#8221;#232323&#8243; subtitle_size=&#8221;38px&#8221; subtitle_color=&#8221;#000000&#8243; bgtitle_size=&#8221;60px&#8221; bgtitle_color=&#8221;#56ad80&#8243; bgtitle=&#8221;AVANTAGES&#8221; responsive_font=&#8221;true&#8221; font_size_mobile=&#8221;24&#8243; bg_responsive_font=&#8221;true&#8221; bg_font_size_mobile=&#8221;36&#8243; custom_bgtitle_color=&#8221;true&#8221; custom_subtitle_color=&#8221;true&#8221;][wgl_spacing spacer_size=&#8221;30px&#8221;][vc_tta_accordion c_position=&#8221;right&#8221; active_section=&#8221;1&#8243;][vc_tta_section title=&#8221;1. Affiner votre mod\u00e8le d\u2019affaire&#8221; tab_id=&#8221;1539701444178-f5535090-fb82&#8243;][vc_column_text]\n<p style=\"text-align: center;\">L\u2019opportunit\u00e9 d\u2019affiner votre mod\u00e8le d\u2019affaire en parlant \u00e0 des experts du secteur et valider les hypoth\u00e8ses de ce dernier.<\/p>\n[\/vc_column_text][\/vc_tta_section][vc_tta_section title=&#8221;2. Des formations pratiques et sur mesure&#8221; tab_id=&#8221;1539701479803-b6e7150d-8773&#8243;][vc_column_text]\n<p style=\"text-align: center;\">Le renforcement des comp\u00e9tences techniques des participants avec des formations personnalis\u00e9es \u00e0 leur besoin, et anim\u00e9es par des sp\u00e9cialistes du domaine.<\/p>\n[\/vc_column_text][\/vc_tta_section][vc_tta_section title=&#8221;3. La mise en pratique de votre mod\u00e8le d\u2019affaire&#8221; tab_id=&#8221;1614584366696-ed1685d7-ed8f&#8221;][vc_column_text]\n<p style=\"text-align: center;\"><span>La capacit\u00e9 de tester et valider votre mod\u00e8le d\u2019affaire \u00e0 travers des \u00e9tudes de march\u00e9 et la construction d\u2019une preuve de concept .<\/span><\/p>\n[\/vc_column_text][\/vc_tta_section][vc_tta_section title=&#8221;4. Un financement pour votre prototypage&#8221; tab_id=&#8221;1614584374474-3dedea45-358f&#8221;][vc_column_text]\n<p style=\"text-align: center;\"><span>La mise \u00e0 disposition de ressources pour le d\u00e9veloppement acc\u00e9l\u00e9r\u00e9 d\u2019un produit minimum viable (MVP) afin de collecter les feedbacks des potentiels clients et d\u2019am\u00e9liorer le produit final.<\/span><\/p>\n[\/vc_column_text][\/vc_tta_section][vc_tta_section title=&#8221;5. L\u2019\u00e9largissement de votre r\u00e9seau d\u2019affaire&#8221; tab_id=&#8221;1539701479205-fc0ada07-b72a&#8221;][vc_column_text]\n<p style=\"text-align: center;\"><span>L \u2019\u00e9largissement du r\u00e9seau d\u2019affaire \u00a0par le biais d\u2019une exp\u00e9rience intense et immersive bas\u00e9e sur l\u2018interactivit\u00e9 avec des investisseurs, des mentors, et des entrepreneurs.<\/span><\/p>\n[\/vc_column_text][\/vc_tta_section][vc_tta_section title=&#8221;6. L\u2019acc\u00e8s au financement&#8221; tab_id=&#8221;1614584375677-95a0b32b-b7ac&#8221;][vc_column_text]\n<p style=\"text-align: center;\"><span>La possibilit\u00e9 de pr\u00e9senter votre entreprise \u00e0 la BMCI et de n\u00e9gocier un investissement qui r\u00e9pond enti\u00e8rement \u00e0 vos besoins.<\/span><\/p>\n[\/vc_column_text][\/vc_tta_section][\/vc_tta_accordion][wgl_spacing spacer_size=&#8221;30px&#8221; responsive_tablet=&#8221;true&#8221; size_tablet=&#8221;0&#8243; responsive_mobile=&#8221;true&#8221; size_mobile=&#8221;0&#8243;][\/vc_column][vc_column offset=&#8221;vc_col-lg-7 vc_col-md-6&#8243; css=&#8221;.vc_custom_1615656975325{padding-top: 0px !important;}&#8221;][vc_column_text]<img loading=\"lazy\" decoding=\"async\" class=\"image-resp alignnone wp-image-2203 size-large\" style=\"max-width: 116%;\" src=\"https:\/\/bmci-businesschallenge.mr\/wp-content\/uploads\/2021\/03\/avantage8-1-1024x791.png\" alt=\"\" width=\"1024\" height=\"791\" srcset=\"https:\/\/bmci-businesschallenge.mr\/wp-content\/uploads\/2021\/03\/avantage8-1-1024x791.png 1024w, https:\/\/bmci-businesschallenge.mr\/wp-content\/uploads\/2021\/03\/avantage8-1-300x232.png 300w, https:\/\/bmci-businesschallenge.mr\/wp-content\/uploads\/2021\/03\/avantage8-1-768x593.png 768w, https:\/\/bmci-businesschallenge.mr\/wp-content\/uploads\/2021\/03\/avantage8-1-1080x834.png 1080w, https:\/\/bmci-businesschallenge.mr\/wp-content\/uploads\/2021\/03\/avantage8-1.png 1456w\" sizes=\"auto, (max-width: 1024px) 100vw, 1024px\" \/>[\/vc_column_text][\/vc_column][\/vc_row][vc_row full_width=&#8221;stretch_row&#8221; disable_element=&#8221;yes&#8221; css=&#8221;.vc_custom_1653640632579{background-position: center !important;background-repeat: no-repeat !important;background-size: cover !important;}&#8221;][vc_column][wgl_double_headings align=&#8221;center&#8221; title_color=&#8221;#232323&#8243; subtitle_color=&#8221;#0f9648&#8243; bgtitle_color=&#8221;#f3f3f3&#8243; title=&#8221;\u00c9TAPES DE LA COMP\u00c9TITION&#8221; responsive_font=&#8221;true&#8221; font_size_mobile=&#8221;36&#8243; bg_responsive_font=&#8221;true&#8221; bg_font_size_mobile=&#8221;50&#8243;][wgl_spacing spacer_size=&#8221;18px&#8221;][wgl_time_line_horizontal slide_to_show=&#8221;4&#8243; values=&#8221;%5B%7B%22descr%22%3A%22Boot%20Camps%2F%20Session%20de%20formation%20%22%2C%22circle_color%22%3A%22%23fad706%22%7D%2C%7B%22descr%22%3A%22Business%20games%22%2C%22circle_color%22%3A%22%23fad706%22%7D%2C%7B%22descr%22%3A%22Enqu%C3%AAte%20de%20terrain%20%22%2C%22circle_color%22%3A%22%23fad706%22%7D%2C%7B%22descr%22%3A%22Coaching%22%2C%22circle_color%22%3A%22%23fad706%22%7D%2C%7B%22descr%22%3A%22Mentorat%22%2C%22circle_color%22%3A%22%23fad706%22%7D%2C%7B%22descr%22%3A%22Prototypage%22%2C%22circle_color%22%3A%22%23fad706%22%7D%2C%7B%22descr%22%3A%22Shark%20Tank%22%2C%22circle_color%22%3A%22%23fad706%22%7D%2C%7B%22descr%22%3A%22Grande%20finale%22%2C%22circle_color%22%3A%22%23fad706%22%7D%5D&#8221;][wgl_spacing spacer_size=&#8221;70&#8243; responsive_tablet=&#8221;true&#8221; size_tablet=&#8221;0&#8243; responsive_mobile=&#8221;true&#8221; size_mobile=&#8221;0&#8243;][\/vc_column][\/vc_row][vc_row full_width=&#8221;stretch_row&#8221; css=&#8221;.vc_custom_1615295260480{background-image: url(http:\/\/bmci-businesschallenge.mr\/wp-content\/uploads\/2021\/02\/bg-timeline.png?id=1898) !important;background-position: center !important;background-repeat: no-repeat !important;background-size: cover !important;}&#8221; el_class=&#8221;montimeline&#8221;][vc_column][wgl_divider height=&#8221;2px&#8221; divider_color=&#8221;#ececec&#8221; divider_line_color=&#8221;#0f9648&#8243;][wgl_double_headings align=&#8221;center&#8221; title_color=&#8221;#232323&#8243; subtitle_size=&#8221;38px&#8221; subtitle_weight=&#8221;700&#8243; subtitle_color=&#8221;#000000&#8243; bgtitle_size=&#8221;40px&#8221; bgtitle_line_height=&#8221;40px&#8221; bgtitle_color=&#8221;rgba(0,0,0,0.4)&#8221; bgtitle=&#8221;\u00c9tapes de la comp\u00e9tition&#8221; responsive_font=&#8221;true&#8221; font_size_mobile=&#8221;36&#8243; bg_responsive_font=&#8221;true&#8221; bg_font_size_mobile=&#8221;50&#8243; custom_bgtitle_color=&#8221;true&#8221; custom_subtitle_color=&#8221;true&#8221;][wgl_time_line_horizontal css_animation=&#8221;bounceIn&#8221; slide_to_show=&#8221;3&#8243; use_pagination=&#8221;&#8221; values=&#8221;%5B%7B%22descr%22%3A%22Formation%20intensive%20%5CnEtudes%20de%20march%C3%A9%2Fmod%C3%A8le%20financier%20%5Cn1er%20pitch%20%20%5CnS%C3%A9lection%20des%206%20finalistes.%22%2C%22circle_color%22%3A%22%230f9648%22%7D%2C%7B%22title%22%3A%22Acc%C3%A9leration%22%2C%22descr%22%3A%22Diagnostique%5CnFormations%20techniques%20sur%20mesure%5CnNetworking%5CnMise%20en%20pratique%22%2C%22circle_color%22%3A%22%230f9648%22%7D%2C%7B%22title%22%3A%22Pitch%20final%22%2C%22descr%22%3A%22Finalisation%20dossier%20financement%5CnElaboration%20pitch%20deck%5CnPitch%20final%5CnAnnonce%20des%203%20gagnants%22%2C%22circle_color%22%3A%22%230f9648%22%7D%5D&#8221; extra_class=&#8221;etapes&#8221;][wgl_counter icon_type=&#8221;none&#8221;][wgl_spacing spacer_size=&#8221;40px&#8221;][wgl_spacing spacer_size=&#8221;40px&#8221;][wgl_spacing spacer_size=&#8221;40px&#8221;][wgl_spacing spacer_size=&#8221;40px&#8221;][wgl_spacing spacer_size=&#8221;40px&#8221;][wgl_spacing spacer_size=&#8221;30px&#8221;][wgl_double_headings align=&#8221;center&#8221; title_color=&#8221;#232323&#8243; subtitle_size=&#8221;38px&#8221; subtitle_weight=&#8221;700&#8243; subtitle_color=&#8221;#000000&#8243; bgtitle_color=&#8221;rgba(0,0,0,0.4)&#8221; bgtitle=&#8221;TIMELINE&#8221; responsive_font=&#8221;true&#8221; font_size_mobile=&#8221;36&#8243; bg_responsive_font=&#8221;true&#8221; bg_font_size_mobile=&#8221;50&#8243; custom_bgtitle_color=&#8221;true&#8221; custom_subtitle_color=&#8221;true&#8221;][wgl_spacing spacer_size=&#8221;60px&#8221;][wgl_time_line_vertical values=&#8221;%5B%7B%22title%22%3A%22Ouverture%20des%20candidatures%22%2C%22date%22%3A%2220%20octobre%202025%22%2C%22color%22%3A%22%230f9648%22%2C%22active%22%3A%22true%22%2C%22bg_image%22%3A%222159%22%7D%2C%7B%22title%22%3A%22Cl%C3%B4ture%20des%20candidatures%22%2C%22date%22%3A%229%20novembre%202025%22%2C%22color%22%3A%22%230f9648%22%2C%22active%22%3A%22true%22%2C%22bg_image%22%3A%222159%22%7D%2C%7B%22title%22%3A%22Annonce%20des%20demi-finalistes%20(20%20projets)%22%2C%22date%22%3A%2214%20novembre%202025%22%2C%22color%22%3A%22%230f9648%22%2C%22active%22%3A%22true%22%2C%22bg_image%22%3A%222159%22%7D%2C%7B%22title%22%3A%22Programme%20d%E2%80%99incubation%22%2C%22date%22%3A%221%20%E2%80%93%2020%20d%C3%A9cembre%202025%22%2C%22color%22%3A%22%230f9648%22%2C%22active%22%3A%22true%22%2C%22bg_image%22%3A%222159%22%7D%2C%7B%22title%22%3A%22Finale%20%2B%20annonce%20des%20gagnants%22%2C%22date%22%3A%2217%20janvier%202026%22%2C%22color%22%3A%22%230f9648%22%2C%22active%22%3A%22true%22%2C%22bg_image%22%3A%222159%22%7D%5D&#8221;][wgl_divider divider_width_units=&#8221;percentages&#8221; width=&#8221;100&#8243; height=&#8221;2px&#8221; divider_alignment=&#8221;center&#8221; divider_color=&#8221;#ececec&#8221; divider_line_alignment=&#8221;center&#8221; divider_line_color=&#8221;#0f9648&#8243; add_divider_line=&#8221;true&#8221;][\/vc_column][vc_column][\/vc_column][\/vc_row][vc_row][vc_column][wgl_double_headings align=&#8221;center&#8221; title_color=&#8221;#232323&#8243; subtitle_color=&#8221;#0f9648&#8243; bgtitle_color=&#8221;#f3f3f3&#8243; title=&#8221;CRIT\u00c8RES D\u2019\u00c9LIGIBILIT\u00c9&#8221; bg_responsive_font=&#8221;true&#8221; bg_font_size_mobile=&#8221;50&#8243;][wgl_spacing spacer_size=&#8221;18px&#8221;][wgl_spacing spacer_size=&#8221;30px&#8221;][\/vc_column][\/vc_row][vc_row][vc_column width=&#8221;1\/3&#8243;][wgl_pricing_table icon_type=&#8221;none&#8221; button_title=&#8221;&#8221; pricing_punch_bg_color=&#8221;#ffffff&#8221; pricing_title=&#8221;1&#8243;]\n<p>Viabilit\u00e9 du projet<\/p>\n[\/wgl_pricing_table][\/vc_column][vc_column width=&#8221;1\/3&#8243;][wgl_pricing_table icon_type=&#8221;none&#8221; button_title=&#8221;&#8221; pricing_punch_bg_color=&#8221;#ffffff&#8221; pricing_title=&#8221;2&#8243;]\n<p>L\u2019experience de l\u2019equipe fondatrice ou promoteur<\/p>\n[\/wgl_pricing_table][\/vc_column][vc_column width=&#8221;1\/3&#8243;][wgl_pricing_table icon_type=&#8221;none&#8221; button_title=&#8221;&#8221; pricing_punch_bg_color=&#8221;#ffffff&#8221; pricing_title=&#8221;3&#8243;]\n<p>Impact &#038; Valeur ajout\u00e9e<\/p>\n[\/wgl_pricing_table][\/vc_column][\/vc_row][vc_row][vc_column width=&#8221;1\/3&#8243;][wgl_pricing_table icon_type=&#8221;none&#8221; button_title=&#8221;&#8221; pricing_punch_bg_color=&#8221;#ffffff&#8221; pricing_title=&#8221;4&#8243;]\n<p>Innovation &#038; originalit\u00e9<\/p>\n[\/wgl_pricing_table][\/vc_column][vc_column width=&#8221;1\/3&#8243;][\/vc_column][\/vc_row]\n","protected":false},"excerpt":{"rendered":"<p>[vc_row full_width=&#8221;stretch_row&#8221; css=&#8221;.vc_custom_1614582824970{margin-top: -40px !important;}&#8221; el_class=&#8221;ovisible z-index-1&#8243;][vc_column css=&#8221;.vc_custom_1539692393064{margin-bottom: -200px !important;padding-top: 0px !important;}&#8221;][rev_slider_vc alias=&#8221;home-2&#8243;][wgl_spacing spacer_size=&#8221;250px&#8221; responsive_desktop=&#8221;true&#8221; size_desktops=&#8221;150&#8243; responsive_tablet=&#8221;true&#8221; size_tablet=&#8221;150&#8243; responsive_mobile=&#8221;true&#8221; size_mobile=&#8221;80&#8243;][\/vc_column][\/vc_row][vc_row full_width=&#8221;stretch_row_content&#8221; css=&#8221;.vc_custom_1614586551492{padding-top: 65px !important;padding-right: 60px !important;padding-left: 60px !important;}&#8221; el_class=&#8221;padding-reset&#8221;][vc_column offset=&#8221;vc_col-lg-5 vc_hidden-md vc_hidden-sm vc_hidden-xs&#8221; css=&#8221;.vc_custom_1615653955859{padding-top: 0px !important;padding-right: 0px !important;padding-left: 0px !important;border-radius: 10px !important;}&#8221;][vc_column_text][\/vc_column_text][wgl_spacing spacer_size=&#8221;0&#8243; screen_desktops=&#8221;1200&#8243; responsive_desktop=&#8221;true&#8221; size_desktops=&#8221;50&#8243;][\/vc_column][vc_column offset=&#8221;vc_col-lg-7 vc_hidden-md vc_hidden-sm vc_hidden-xs&#8221; css=&#8221;.vc_custom_1615713302840{background-color: #f3f3f3 !important;border-radius: 10px !important;}&#8221;][wgl_spacing [&hellip;]<\/p>\n","protected":false},"author":1,"featured_media":0,"parent":0,"menu_order":0,"comment_status":"closed","ping_status":"closed","template":"","meta":{"footnotes":""},"class_list":["post-839","page","type-page","status-publish","hentry"],"_links":{"self":[{"href":"https:\/\/bmci-businesschallenge.mr\/index.php?rest_route=\/wp\/v2\/pages\/839","targetHints":{"allow":["GET"]}}],"collection":[{"href":"https:\/\/bmci-businesschallenge.mr\/index.php?rest_route=\/wp\/v2\/pages"}],"about":[{"href":"https:\/\/bmci-businesschallenge.mr\/index.php?rest_route=\/wp\/v2\/types\/page"}],"author":[{"embeddable":true,"href":"https:\/\/bmci-businesschallenge.mr\/index.php?rest_route=\/wp\/v2\/users\/1"}],"replies":[{"embeddable":true,"href":"https:\/\/bmci-businesschallenge.mr\/index.php?rest_route=%2Fwp%2Fv2%2Fcomments&post=839"}],"version-history":[{"count":200,"href":"https:\/\/bmci-businesschallenge.mr\/index.php?rest_route=\/wp\/v2\/pages\/839\/revisions"}],"predecessor-version":[{"id":0,"href":"https:\/\/bmci-businesschallenge.mr\/index.php?rest_route=\/wp\/v2\/pages\/839\/revisions\/0"}],"wp:attachment":[{"href":"https:\/\/bmci-businesschallenge.mr\/index.php?rest_route=%2Fwp%2Fv2%2Fmedia&parent=839"}],"curies":[{"name":"wp","href":"https:\/\/api.w.org\/{rel}","templated":true}]}}