{"id":2895,"date":"2024-11-24T10:38:14","date_gmt":"2024-11-24T10:38:14","guid":{"rendered":"https:\/\/bmci-businesschallenge.mr\/?page_id=2895"},"modified":"2025-10-29T10:29:33","modified_gmt":"2025-10-29T10:29:33","slug":"reglement-du-bmci-business-challenge-4eme-edition","status":"publish","type":"page","link":"https:\/\/bmci-businesschallenge.mr\/?page_id=2895","title":{"rendered":"R\u00e8glement du BMCI Business Challenge &#8211; 5\u00e8me \u00c9dition"},"content":{"rendered":"<p><a href=\"https:\/\/bmci-businesschallenge.mr\/pdf\/Re\u0300glement du BMCI Business Challenge VF - 5e\u0300me E\u0301dition - 2025-1.pdf\">R\u00e8glement du BMCI Business Challenge &#8211; 5\u00e8me \u00c9dition<\/a><\/p>\n","protected":false},"excerpt":{"rendered":"<p>R\u00e8glement du BMCI Business Challenge &#8211; 5\u00e8me \u00c9dition<\/p>\n","protected":false},"author":1,"featured_media":0,"parent":0,"menu_order":0,"comment_status":"closed","ping_status":"closed","template":"","meta":{"footnotes":""},"class_list":["post-2895","page","type-page","status-publish","hentry"],"_links":{"self":[{"href":"https:\/\/bmci-businesschallenge.mr\/index.php?rest_route=\/wp\/v2\/pages\/2895","targetHints":{"allow":["GET"]}}],"collection":[{"href":"https:\/\/bmci-businesschallenge.mr\/index.php?rest_route=\/wp\/v2\/pages"}],"about":[{"href":"https:\/\/bmci-businesschallenge.mr\/index.php?rest_route=\/wp\/v2\/types\/page"}],"author":[{"embeddable":true,"href":"https:\/\/bmci-businesschallenge.mr\/index.php?rest_route=\/wp\/v2\/users\/1"}],"replies":[{"embeddable":true,"href":"https:\/\/bmci-businesschallenge.mr\/index.php?rest_route=%2Fwp%2Fv2%2Fcomments&post=2895"}],"version-history":[{"count":5,"href":"https:\/\/bmci-businesschallenge.mr\/index.php?rest_route=\/wp\/v2\/pages\/2895\/revisions"}],"predecessor-version":[{"id":0,"href":"https:\/\/bmci-businesschallenge.mr\/index.php?rest_route=\/wp\/v2\/pages\/2895\/revisions\/0"}],"wp:attachment":[{"href":"https:\/\/bmci-businesschallenge.mr\/index.php?rest_route=%2Fwp%2Fv2%2Fmedia&parent=2895"}],"curies":[{"name":"wp","href":"https:\/\/api.w.org\/{rel}","templated":true}]}}