{"id":1817,"date":"2021-02-25T10:03:27","date_gmt":"2021-02-25T10:03:27","guid":{"rendered":"http:\/\/bmci-businesschallenge.mr\/?page_id=1817"},"modified":"2022-06-01T13:11:46","modified_gmt":"2022-06-01T13:11:46","slug":"avantages","status":"publish","type":"page","link":"https:\/\/bmci-businesschallenge.mr\/?page_id=1817","title":{"rendered":"Avantages"},"content":{"rendered":"[vc_row content_placement=&#8221;middle&#8221;][vc_column offset=&#8221;vc_col-md-6&#8243; el_class=&#8221;avantage&#8221;][wgl_spacing spacer_size=&#8221;30px&#8221;][wgl_spacing spacer_size=&#8221;18px&#8221;][wgl_info_box ib_type=&#8221;fill&#8221; ib_layout=&#8221;left&#8221; icon_type=&#8221;font&#8221; icon_font_type=&#8221;type_flaticon&#8221; icon_flaticon=&#8221;flaticon-check&#8221; icon_color=&#8221;#ffffff&#8221; icon_color_hover=&#8221;#ffffff&#8221; icon_bg_color=&#8221;#2dcff7&#8243; icon_bg_color_hover=&#8221;#2dcff7&#8243; bg_color_type=&#8221;&#8221; background_color=&#8221;&#8221; background_color_hover=&#8221;&#8221; background_gradient_start=&#8221;&#8221; background_gradient_end=&#8221;&#8221; background_gradient_hover_start=&#8221;&#8221; background_gradient_hover_end=&#8221;&#8221; add_shadow=&#8221;true&#8221; custom_icon_color=&#8221;true&#8221; custom_icon_bg_color=&#8221;true&#8221; custom_icon_size=&#8221;20&#8243; custom_icon_bg_width=&#8221;40&#8243; custom_icon_bg_height=&#8221;40&#8243; h_bg_styles=&#8221;&#8221; custom_icon_side_offset=&#8221;30&#8243; ib_content=&#8221;L\u2019opportunit\u00e9 d\u2019affiner vos id\u00e9es d\u2019affaire ou planifier l\u2019expansion de votre startup avec des experts du secteur et identifier les hypoth\u00e8ses cl\u00e9s du mod\u00e8le d\u2019entreprise.&#8221;][wgl_info_box ib_type=&#8221;fill&#8221; ib_layout=&#8221;left&#8221; icon_type=&#8221;font&#8221; icon_font_type=&#8221;type_flaticon&#8221; icon_flaticon=&#8221;flaticon-check&#8221; icon_color=&#8221;#ffffff&#8221; icon_color_hover=&#8221;#ffffff&#8221; icon_bg_color=&#8221;#9fd82e&#8221; icon_bg_color_hover=&#8221;#9fd82e&#8221; bg_color_type=&#8221;&#8221; background_color=&#8221;&#8221; background_color_hover=&#8221;&#8221; background_gradient_start=&#8221;&#8221; background_gradient_end=&#8221;&#8221; background_gradient_hover_start=&#8221;&#8221; background_gradient_hover_end=&#8221;&#8221; add_shadow=&#8221;true&#8221; ib_content=&#8221;Le renforcement des comp\u00e9tences professionnelles avec des formations personnalis\u00e9es anim\u00e9es par des sp\u00e9cialistes.&#8221; custom_icon_color=&#8221;true&#8221; custom_icon_bg_color=&#8221;true&#8221; custom_icon_size=&#8221;20&#8243; custom_icon_bg_width=&#8221;40&#8243; custom_icon_bg_height=&#8221;40&#8243; h_bg_styles=&#8221;&#8221; custom_icon_side_offset=&#8221;30&#8243;][wgl_info_box ib_type=&#8221;fill&#8221; ib_layout=&#8221;left&#8221; icon_type=&#8221;font&#8221; icon_font_type=&#8221;type_flaticon&#8221; icon_flaticon=&#8221;flaticon-check&#8221; icon_color=&#8221;#ffffff&#8221; icon_color_hover=&#8221;#ffffff&#8221; icon_bg_color=&#8221;#2dcff7&#8243; icon_bg_color_hover=&#8221;#2dcff7&#8243; bg_color_type=&#8221;&#8221; background_color=&#8221;&#8221; background_color_hover=&#8221;&#8221; background_gradient_start=&#8221;&#8221; background_gradient_end=&#8221;&#8221; background_gradient_hover_start=&#8221;&#8221; background_gradient_hover_end=&#8221;&#8221; add_shadow=&#8221;true&#8221; ib_content=&#8221;L\u2019\u00e9largissement du r\u00e9seau professionnel et entrepreneurial gr\u00e2ce \u00e0 une exp\u00e9rience intense et immersive bas\u00e9e sur l\u2018interactivit\u00e9 avec des investisseurs, des mentors, et des entrepreneurs.&#8221; custom_icon_color=&#8221;true&#8221; custom_icon_bg_color=&#8221;true&#8221; custom_icon_size=&#8221;20&#8243; custom_icon_bg_width=&#8221;40&#8243; custom_icon_bg_height=&#8221;40&#8243; h_bg_styles=&#8221;&#8221; custom_icon_side_offset=&#8221;30&#8243;][wgl_info_box ib_type=&#8221;fill&#8221; ib_layout=&#8221;left&#8221; icon_type=&#8221;font&#8221; icon_font_type=&#8221;type_flaticon&#8221; icon_flaticon=&#8221;flaticon-check&#8221; icon_color=&#8221;#ffffff&#8221; icon_color_hover=&#8221;#ffffff&#8221; icon_bg_color=&#8221;#9fd82e&#8221; icon_bg_color_hover=&#8221;#9fd82e&#8221; bg_color_type=&#8221;&#8221; background_color=&#8221;&#8221; background_color_hover=&#8221;&#8221; background_gradient_start=&#8221;&#8221; background_gradient_end=&#8221;&#8221; background_gradient_hover_start=&#8221;&#8221; background_gradient_hover_end=&#8221;&#8221; add_shadow=&#8221;true&#8221; ib_content=&#8221;La possibilit\u00e9 de pr\u00e9senter vos produits ou services \u00e0 la BMCI et de n\u00e9gocier vos options de financement.&#8221; custom_icon_color=&#8221;true&#8221; custom_icon_bg_color=&#8221;true&#8221; custom_icon_size=&#8221;20&#8243; custom_icon_bg_width=&#8221;40&#8243; custom_icon_bg_height=&#8221;40&#8243; h_bg_styles=&#8221;&#8221; custom_icon_side_offset=&#8221;30&#8243;][\/vc_column][vc_column offset=&#8221;vc_col-md-6 vc_hidden-sm vc_hidden-xs&#8221;][vc_column_text]\n<p style=\"text-align: left;\"><img loading=\"lazy\" decoding=\"async\" class=\"image-resp alignnone wp-image-2203 \" style=\"max-width: 150%;\" src=\"https:\/\/bmci-businesschallenge.mr\/wp-content\/uploads\/2021\/03\/avantage8-1-1024x791.png\" alt=\"\" width=\"537\" height=\"415\" srcset=\"https:\/\/bmci-businesschallenge.mr\/wp-content\/uploads\/2021\/03\/avantage8-1-1024x791.png 1024w, https:\/\/bmci-businesschallenge.mr\/wp-content\/uploads\/2021\/03\/avantage8-1-300x232.png 300w, https:\/\/bmci-businesschallenge.mr\/wp-content\/uploads\/2021\/03\/avantage8-1-768x593.png 768w, https:\/\/bmci-businesschallenge.mr\/wp-content\/uploads\/2021\/03\/avantage8-1-1080x834.png 1080w, https:\/\/bmci-businesschallenge.mr\/wp-content\/uploads\/2021\/03\/avantage8-1.png 1456w\" sizes=\"auto, (max-width: 537px) 100vw, 537px\" \/><\/p>\n[\/vc_column_text][\/vc_column][\/vc_row][vc_row][vc_column][wgl_spacing spacer_size=&#8221;77&#8243;][\/vc_column][\/vc_row]\n","protected":false},"excerpt":{"rendered":"<p>[vc_row content_placement=&#8221;middle&#8221;][vc_column offset=&#8221;vc_col-md-6&#8243; el_class=&#8221;avantage&#8221;][wgl_spacing spacer_size=&#8221;30px&#8221;][wgl_spacing spacer_size=&#8221;18px&#8221;][wgl_info_box ib_type=&#8221;fill&#8221; ib_layout=&#8221;left&#8221; icon_type=&#8221;font&#8221; icon_font_type=&#8221;type_flaticon&#8221; icon_flaticon=&#8221;flaticon-check&#8221; icon_color=&#8221;#ffffff&#8221; icon_color_hover=&#8221;#ffffff&#8221; icon_bg_color=&#8221;#2dcff7&#8243; icon_bg_color_hover=&#8221;#2dcff7&#8243; bg_color_type=&#8221;&#8221; background_color=&#8221;&#8221; background_color_hover=&#8221;&#8221; background_gradient_start=&#8221;&#8221; background_gradient_end=&#8221;&#8221; background_gradient_hover_start=&#8221;&#8221; background_gradient_hover_end=&#8221;&#8221; add_shadow=&#8221;true&#8221; custom_icon_color=&#8221;true&#8221; custom_icon_bg_color=&#8221;true&#8221; custom_icon_size=&#8221;20&#8243; custom_icon_bg_width=&#8221;40&#8243; custom_icon_bg_height=&#8221;40&#8243; h_bg_styles=&#8221;&#8221; custom_icon_side_offset=&#8221;30&#8243; ib_content=&#8221;L\u2019opportunit\u00e9 d\u2019affiner vos id\u00e9es d\u2019affaire ou planifier l\u2019expansion de votre startup avec des experts du secteur et identifier les hypoth\u00e8ses cl\u00e9s du mod\u00e8le d\u2019entreprise.&#8221;][wgl_info_box ib_type=&#8221;fill&#8221; [&hellip;]<\/p>\n","protected":false},"author":1,"featured_media":0,"parent":0,"menu_order":0,"comment_status":"closed","ping_status":"closed","template":"","meta":{"footnotes":""},"class_list":["post-1817","page","type-page","status-publish","hentry"],"_links":{"self":[{"href":"https:\/\/bmci-businesschallenge.mr\/index.php?rest_route=\/wp\/v2\/pages\/1817","targetHints":{"allow":["GET"]}}],"collection":[{"href":"https:\/\/bmci-businesschallenge.mr\/index.php?rest_route=\/wp\/v2\/pages"}],"about":[{"href":"https:\/\/bmci-businesschallenge.mr\/index.php?rest_route=\/wp\/v2\/types\/page"}],"author":[{"embeddable":true,"href":"https:\/\/bmci-businesschallenge.mr\/index.php?rest_route=\/wp\/v2\/users\/1"}],"replies":[{"embeddable":true,"href":"https:\/\/bmci-businesschallenge.mr\/index.php?rest_route=%2Fwp%2Fv2%2Fcomments&post=1817"}],"version-history":[{"count":28,"href":"https:\/\/bmci-businesschallenge.mr\/index.php?rest_route=\/wp\/v2\/pages\/1817\/revisions"}],"predecessor-version":[{"id":2726,"href":"https:\/\/bmci-businesschallenge.mr\/index.php?rest_route=\/wp\/v2\/pages\/1817\/revisions\/2726"}],"wp:attachment":[{"href":"https:\/\/bmci-businesschallenge.mr\/index.php?rest_route=%2Fwp%2Fv2%2Fmedia&parent=1817"}],"curies":[{"name":"wp","href":"https:\/\/api.w.org\/{rel}","templated":true}]}}